{"id":20204036,"date":"2024-02-12T10:30:59","date_gmt":"2024-02-12T09:30:59","guid":{"rendered":"https:\/\/www.r-tech.cz\/?page_id=20204036"},"modified":"2024-02-12T10:30:59","modified_gmt":"2024-02-12T09:30:59","slug":"zasady-ochrany-osobnich-udaju","status":"publish","type":"page","link":"https:\/\/www.r-tech.cz\/index.php\/zasady-ochrany-osobnich-udaju\/","title":{"rendered":"Z\u00e1sady ochrany osobn\u00edch \u00fadaj\u016f"},"content":{"rendered":"<p>[et_pb_section fb_built=&#8220;1&#8243; admin_label=&#8220;Plans&#8220; module_id=&#8220;nabidka&#8220; _builder_version=&#8220;4.24.0&#8243; background_image=&#8220;https:\/\/www.r-tech.cz\/wp-content\/uploads\/2024\/01\/investing-15.jpg&#8220; background_size=&#8220;initial&#8220; background_position=&#8220;top_center&#8220; global_colors_info=&#8220;{}&#8220;][et_pb_row _builder_version=&#8220;4.24.0&#8243; _module_preset=&#8220;default&#8220;][et_pb_column _builder_version=&#8220;4.24.0&#8243; _module_preset=&#8220;default&#8220; type=&#8220;4_4&#8243;][dipi_reading_progress_bar bar_position=&#8220;main&#8220; bar_color=&#8220;#0774D1&#8243; _builder_version=&#8220;4.24.0&#8243; _module_preset=&#8220;default&#8220; global_colors_info=&#8220;{}&#8220;][\/dipi_reading_progress_bar][et_pb_heading title=&#8220;Z\u00e1sady ochrany osobn\u00edch \u00fadaj\u016f&#8220; _builder_version=&#8220;4.24.0&#8243; _module_preset=&#8220;default&#8220; title_font=&#8220;Arimo|700||on|||||&#8220; title_text_color=&#8220;#04457C&#8220; title_font_size=&#8220;40px&#8220; hover_enabled=&#8220;0&#8243; sticky_enabled=&#8220;0&#8243;][\/et_pb_heading][et_pb_text _builder_version=&#8220;4.24.0&#8243; _module_preset=&#8220;default&#8220; hover_enabled=&#8220;0&#8243; sticky_enabled=&#8220;0&#8243; header_4_font=&#8220;Arimo|700||on|||||&#8220; header_4_text_color=&#8220;#0774D1&#8243;]<\/p>\n<h4>1. Z\u00e1kladn\u00ed ustanoven\u00ed<\/h4>\n<ol>\n<li aria-level=\"1\"><span>Spr\u00e1vcem osobn\u00edch \u00fadaj\u016f podle \u010dl. 4 bod 7 na\u0159\u00edzen\u00ed Evropsk\u00e9ho parlamentu a Rady (EU) 2016\/679 o ochran\u011b fyzick\u00fdch osob v souvislosti se zpracov\u00e1n\u00edm osobn\u00edch \u00fadaj\u016f a o voln\u00e9m pohybu t\u011bchto \u00fadaj\u016f (d\u00e1le jen: \u201eGDPR\u201d) je Ond\u0159ej Ruman. (d\u00e1le jen: \u201espr\u00e1vce\u201c).<\/span><\/li>\n<li aria-level=\"1\"><span>Kontaktn\u00ed \u00fadaje spr\u00e1vce jsou<\/span><span><br \/><\/span><span>adresa: N\u00e1strroj\u00e1rna R-TECH s.r.o., I\u010c: 07559283, Kate\u0159inice 311, 756 21 Ratibo\u0159. Email: info@r-tech.team<\/span><\/li>\n<li aria-level=\"1\"><span>Osobn\u00edmi \u00fadaji se rozum\u00ed ve\u0161ker\u00e9 informace o identifikovan\u00e9 nebo identifikovateln\u00e9 fyzick\u00e9 osob\u011b; identifikovatelnou fyzickou osobou je fyzick\u00e1 osoba, kterou lze p\u0159\u00edmo \u010di nep\u0159\u00edmo identifikovat, zejm\u00e9na odkazem na ur\u010dit\u00fd identifik\u00e1tor, nap\u0159\u00edklad jm\u00e9no, identifika\u010dn\u00ed \u010d\u00edslo, loka\u010dn\u00ed \u00fadaje, s\u00ed\u0165ov\u00fd identifik\u00e1tor nebo na jeden \u010di v\u00edce zvl\u00e1\u0161tn\u00edch prvk\u016f fyzick\u00e9, fyziologick\u00e9, genetick\u00e9, psychick\u00e9, ekonomick\u00e9, kulturn\u00ed nebo spole\u010densk\u00e9 identity t\u00e9to fyzick\u00e9 osoby.<\/span><\/li>\n<li aria-level=\"1\"><span>Spr\u00e1vce nejmenoval pov\u011b\u0159ence pro ochranu osobn\u00edch \u00fadaj\u016f.<\/span><\/li>\n<\/ol>\n<p>[\/et_pb_text][et_pb_text _builder_version=&#8220;4.24.0&#8243; _module_preset=&#8220;default&#8220; hover_enabled=&#8220;0&#8243; sticky_enabled=&#8220;0&#8243; header_4_font=&#8220;Arimo|700||on|||||&#8220; header_4_text_color=&#8220;#0774D1&#8243;]<\/p>\n<h4>2. Zdroje a kategorie zpracov\u00e1van\u00fdch osobn\u00edch \u00fadaj\u016f<\/h4>\n<ol>\n<li aria-level=\"1\"><span>Spr\u00e1vce zpracov\u00e1v\u00e1 osobn\u00ed \u00fadaje, kter\u00e9 jste mu poskytl\/a nebo osobn\u00ed \u00fadaje, kter\u00e9 spr\u00e1vce z\u00edskal na z\u00e1klad\u011b pln\u011bn\u00ed Va\u0161\u00ed objedn\u00e1vky.<\/span><\/li>\n<li aria-level=\"1\"><span>Spr\u00e1vce zpracov\u00e1v\u00e1 Va\u0161e identifika\u010dn\u00ed a kontaktn\u00ed \u00fadaje a \u00fadaje nezbytn\u00e9 pro pln\u011bn\u00ed smlouvy, tzn. hlavn\u011b emailovou adresu.<\/span><\/li>\n<li aria-level=\"1\"><span>Spr\u00e1vce zpracov\u00e1v\u00e1 osobn\u00ed \u00fadaje poskytnut\u00e9 pomoc\u00ed kontaktn\u00edho formul\u00e1\u0159e. V\u00e1mi poskytnut\u00e9 osobn\u00ed \u00fadaje do kontaktn\u00edho formul\u00e1\u0159e budou zpracov\u00e1v\u00e1ny pouze za \u00fa\u010delem kontaktov\u00e1n\u00ed Va\u0161\u00ed osoby ze strany spr\u00e1vce.<\/span><\/li>\n<\/ol>\n<p>[\/et_pb_text][et_pb_text _builder_version=&#8220;4.24.0&#8243; _module_preset=&#8220;default&#8220; hover_enabled=&#8220;0&#8243; sticky_enabled=&#8220;0&#8243; header_4_font=&#8220;Arimo|700||on|||||&#8220; header_4_text_color=&#8220;#0774D1&#8243;]<\/p>\n<h4><span>3. Z\u00e1konn\u00fd d\u016fvod a \u00fa\u010del zpracov\u00e1n\u00ed osobn\u00edch \u00fadaj\u016f<\/span><\/h4>\n<ol>\n<li aria-level=\"1\"><span>Z\u00e1konn\u00fdm d\u016fvodem zpracov\u00e1n\u00ed osobn\u00edch \u00fadaj\u016f je<\/span><span><br \/><\/span><span>\u2022 pln\u011bn\u00ed smlouvy mezi V\u00e1mi a spr\u00e1vcem podle \u010dl. 6 odst. 1 p\u00edsm. b) GDPR,<\/span><span><br \/><\/span><span>\u2022 opr\u00e1vn\u011bn\u00fd z\u00e1jem spr\u00e1vce na poskytov\u00e1n\u00ed p\u0159\u00edm\u00e9ho marketingu (zejm\u00e9na pro zas\u00edl\u00e1n\u00ed obchodn\u00edch sd\u011blen\u00ed a newsletter\u016f) podle \u010dl. 6 odst. 1 p\u00edsm. f) GDPR,<\/span><span><br \/><\/span><span>\u2022 V\u00e1\u0161 souhlas se zpracov\u00e1n\u00edm pro \u00fa\u010dely poskytov\u00e1n\u00ed p\u0159\u00edm\u00e9ho marketingu (zejm\u00e9na pro zas\u00edl\u00e1n\u00ed obchodn\u00edch sd\u011blen\u00ed a newsletter\u016f) podle \u010dl. 6 odst. 1 p\u00edsm. a) GDPR ve spojen\u00ed s \u00a7 7 odst. 2 z\u00e1kona \u010d. 480\/2004 Sb., o n\u011bkter\u00fdch slu\u017eb\u00e1ch informa\u010dn\u00ed spole\u010dnosti v p\u0159\u00edpad\u011b, \u017ee nedo\u0161lo k objedn\u00e1vce zbo\u017e\u00ed nebo slu\u017eby.<\/span><\/li>\n<li aria-level=\"1\"><span>\u00da\u010delem zpracov\u00e1n\u00ed osobn\u00edch \u00fadaj\u016f je<\/span><span><br \/><\/span><span>\u2022 vy\u0159\u00edzen\u00ed Va\u0161\u00ed objedn\u00e1vky a v\u00fdkon pr\u00e1v a povinnost\u00ed vypl\u00fdvaj\u00edc\u00edch ze smluvn\u00edho vztahu mezi V\u00e1mi a spr\u00e1vcem; p\u0159i objedn\u00e1vce jsou vy\u017eadov\u00e1ny osobn\u00ed \u00fadaje, kter\u00e9 jsou nutn\u00e9 pro \u00fasp\u011b\u0161n\u00e9 vy\u0159\u00edzen\u00ed objedn\u00e1vky (kontaktn\u00ed emailov\u00e1 adresa), poskytnut\u00ed osobn\u00edch \u00fadaj\u016f je nutn\u00fdm po\u017eadavkem pro uzav\u0159en\u00ed a pln\u011bn\u00ed smlouvy, bez poskytnut\u00ed osobn\u00edch \u00fadaj\u016f nen\u00ed mo\u017en\u00e9 smlouvu uzav\u0159\u00edt \u010di j\u00ed ze strany spr\u00e1vce plnit,<\/span><span><br \/><\/span><span>\u2022 zas\u00edl\u00e1n\u00ed obchodn\u00edch sd\u011blen\u00ed a \u010din\u011bn\u00ed dal\u0161\u00edch marketingov\u00fdch aktivit.<\/span><\/li>\n<li aria-level=\"1\"><span>Ze strany spr\u00e1vce nedoch\u00e1z\u00ed k automatick\u00e9mu individu\u00e1ln\u00edmu rozhodov\u00e1n\u00ed ve smyslu \u010dl. 22 GDPR.<\/span><\/li>\n<\/ol>\n<p>[\/et_pb_text][et_pb_text _builder_version=&#8220;4.24.0&#8243; _module_preset=&#8220;default&#8220; hover_enabled=&#8220;0&#8243; sticky_enabled=&#8220;0&#8243; header_4_font=&#8220;Arimo|700||on|||||&#8220; header_4_text_color=&#8220;#0774D1&#8243;]<\/p>\n<h4><span>4. Doba uchov\u00e1v\u00e1n\u00ed \u00fadaj\u016f<\/span><\/h4>\n<ol>\n<li aria-level=\"1\"><span>Spr\u00e1vce uchov\u00e1v\u00e1 osobn\u00ed \u00fadaje<\/span><span><br \/><\/span><span>\u2022 po dobu nezbytnou k v\u00fdkonu pr\u00e1v a povinnost\u00ed vypl\u00fdvaj\u00edc\u00edch ze smluvn\u00edho vztahu mezi V\u00e1mi a spr\u00e1vcem a uplat\u0148ov\u00e1n\u00ed n\u00e1rok\u016f z t\u011bchto smluvn\u00edch vztah\u016f (po dobu 15 let od ukon\u010den\u00ed smluvn\u00edho vztahu).<\/span><span><br \/><\/span><span>\u2022 po dobu, ne\u017e je odvol\u00e1n souhlas se zpracov\u00e1n\u00edm osobn\u00edch \u00fadaj\u016f pro \u00fa\u010dely marketingu, nejd\u00e9le 10 let, jsou-li osobn\u00ed \u00fadaje zpracov\u00e1v\u00e1ny na z\u00e1klad\u011b souhlasu.<\/span><\/li>\n<li aria-level=\"1\"><span>Po uplynut\u00ed doby uchov\u00e1v\u00e1n\u00ed osobn\u00edch \u00fadaj\u016f spr\u00e1vce osobn\u00ed \u00fadaje vyma\u017ee.<\/span><\/li>\n<\/ol>\n<p>[\/et_pb_text][et_pb_text _builder_version=&#8220;4.24.0&#8243; _module_preset=&#8220;default&#8220; hover_enabled=&#8220;0&#8243; sticky_enabled=&#8220;0&#8243; header_4_font=&#8220;Arimo|700||on|||||&#8220; header_4_text_color=&#8220;#0774D1&#8243;]<\/p>\n<h4><span>5. P\u0159\u00edjemci osobn\u00edch \u00fadaj\u016f (subdodavatel\u00e9 spr\u00e1vce)<\/span><\/h4>\n<ol>\n<li aria-level=\"1\"><span>P\u0159\u00edjemci osobn\u00edch \u00fadaj\u016f jsou osoby<\/span><span><br \/><\/span><span>\u2022 pod\u00edlej\u00edc\u00ed se na dod\u00e1n\u00ed slu\u017eeb \/ realizaci plateb na z\u00e1klad\u011b smlouvy,<\/span><span><br \/><\/span><span>\u2022 zaji\u0161\u0165uj\u00edc\u00ed slu\u017eby provozov\u00e1n\u00ed e-shopu a dal\u0161\u00ed slu\u017eby v souvislosti s provozov\u00e1n\u00edm e-shopu,<\/span><span><br \/><\/span><span>\u2022 zaji\u0161\u0165uj\u00edc\u00ed marketingov\u00e9 slu\u017eby.<\/span><\/li>\n<li aria-level=\"1\"><span>Spr\u00e1vce m\u00e1 v \u00famyslu p\u0159edat osobn\u00ed \u00fadaje do t\u0159et\u00ed zem\u011b (do zem\u011b mimo EU) nebo mezin\u00e1rodn\u00ed organizaci. P\u0159\u00edjemci osobn\u00edch \u00fadaj\u016f ve t\u0159et\u00edch zem\u00edch jsou poskytovatel\u00e9 mailingov\u00fdch slu\u017eeb.<\/span><\/li>\n<\/ol>\n<p>[\/et_pb_text][et_pb_text _builder_version=&#8220;4.24.0&#8243; _module_preset=&#8220;default&#8220; hover_enabled=&#8220;0&#8243; sticky_enabled=&#8220;0&#8243; header_4_font=&#8220;Arimo|700||on|||||&#8220; header_4_text_color=&#8220;#0774D1&#8243;]<\/p>\n<h4><span>6. Va\u0161e pr\u00e1va<\/span><\/h4>\n<ol>\n<li aria-level=\"1\"><span>Za podm\u00ednek stanoven\u00fdch v GDPR m\u00e1te<\/span><span><br \/><\/span><span>\u2022 pr\u00e1vo na p\u0159\u00edstup ke sv\u00fdm osobn\u00edm \u00fadaj\u016fm dle \u010dl. 15 GDPR,<\/span><span><br \/><\/span><span>\u2022 pr\u00e1vo opravu osobn\u00edch \u00fadaj\u016f dle \u010dl. 16 GDPR, pop\u0159\u00edpad\u011b omezen\u00ed zpracov\u00e1n\u00ed dle \u010dl. 18 GDPR.<\/span><span><br \/><\/span><span>\u2022 pr\u00e1vo na v\u00fdmaz osobn\u00edch \u00fadaj\u016f dle \u010dl. 17 GDPR.<\/span><span><br \/><\/span><span>\u2022 pr\u00e1vo vzn\u00e9st n\u00e1mitku proti zpracov\u00e1n\u00ed dle \u010dl. 21 GDPR a<\/span><span><br \/><\/span><span>\u2022 pr\u00e1vo na p\u0159enositelnost \u00fadaj\u016f dle \u010dl. 20 GDPR.<\/span><span><br \/><\/span><span>\u2022 pr\u00e1vo odvolat souhlas se zpracov\u00e1n\u00edm p\u00edsemn\u011b nebo elektronicky na adresu nebo email spr\u00e1vce uveden\u00fd v \u010dl. III t\u011bchto podm\u00ednek.<\/span><\/li>\n<li aria-level=\"1\"><span>D\u00e1le m\u00e1te pr\u00e1vo podat st\u00ed\u017enost u \u00da\u0159adu pro ochranu osobn\u00edch \u00fadaj\u016f v p\u0159\u00edpad\u011b, \u017ee se domn\u00edv\u00e1te, \u017ee bylo poru\u0161eno Va\u0161\u00ed pr\u00e1vo na ochranu osobn\u00edch \u00fadaj\u016f.<\/span><\/li>\n<\/ol>\n<p>[\/et_pb_text][et_pb_text _builder_version=&#8220;4.24.0&#8243; _module_preset=&#8220;default&#8220; hover_enabled=&#8220;0&#8243; sticky_enabled=&#8220;0&#8243; header_4_font=&#8220;Arimo|700||on|||||&#8220; header_4_text_color=&#8220;#0774D1&#8243;]<\/p>\n<h4><span>7. Podm\u00ednky zabezpe\u010den\u00ed osobn\u00edch \u00fadaj\u016f<\/span><\/h4>\n<ol>\n<li aria-level=\"1\"><span>Spr\u00e1vce prohla\u0161uje, \u017ee p\u0159ijal ve\u0161ker\u00e1 vhodn\u00e1 technick\u00e1 a organiza\u010dn\u00ed opat\u0159en\u00ed k zabezpe\u010den\u00ed osobn\u00edch \u00fadaj\u016f.<\/span><\/li>\n<li aria-level=\"1\"><span>Spr\u00e1vce p\u0159ijal technick\u00e1 opat\u0159en\u00ed k zabezpe\u010den\u00ed datov\u00fdch \u00falo\u017ei\u0161\u0165 a \u00falo\u017ei\u0161\u0165 osobn\u00edch \u00fadaj\u016f v listinn\u00e9 podob\u011b.<\/span><\/li>\n<li aria-level=\"1\"><span>Spr\u00e1vce prohla\u0161uje, \u017ee k osobn\u00edm \u00fadaj\u016fm maj\u00ed p\u0159\u00edstup pouze j\u00edm pov\u011b\u0159en\u00e9 osoby.<\/span><\/li>\n<\/ol>\n<p>[\/et_pb_text][et_pb_text _builder_version=&#8220;4.24.0&#8243; _module_preset=&#8220;default&#8220; hover_enabled=&#8220;0&#8243; sticky_enabled=&#8220;0&#8243; header_4_font=&#8220;Arimo|700||on|||||&#8220; header_4_text_color=&#8220;#0774D1&#8243;]<\/p>\n<h4><span>8. Z\u00e1v\u011bre\u010dn\u00e1 ustanoven\u00ed<\/span><\/h4>\n<ol>\n<li aria-level=\"1\"><span>Odesl\u00e1n\u00edm objedn\u00e1vky z internetov\u00e9ho objedn\u00e1vkov\u00e9ho formul\u00e1\u0159e potvrzujete, \u017ee jste sezn\u00e1men\/a s podm\u00ednkami ochrany osobn\u00edch \u00fadaj\u016f a \u017ee je v cel\u00e9m rozsahu p\u0159ij\u00edm\u00e1te.<\/span><\/li>\n<li aria-level=\"1\"><span>S t\u011bmito podm\u00ednkami souhlas\u00edte za\u0161krtnut\u00edm souhlasu prost\u0159ednictv\u00edm internetov\u00e9ho formul\u00e1\u0159e. Za\u0161krtnut\u00edm souhlasu potvrzujete, \u017ee jste sezn\u00e1men\/a s podm\u00ednkami ochrany osobn\u00edch \u00fadaj\u016f a \u017ee je v cel\u00e9m rozsahu p\u0159ij\u00edm\u00e1te.<\/span><\/li>\n<li aria-level=\"1\"><span>Spr\u00e1vce je opr\u00e1vn\u011bn tyto podm\u00ednky zm\u011bnit. Novou verzi podm\u00ednek ochrany osobn\u00edch \u00fadaj\u016f zve\u0159ejn\u00ed na sv\u00fdch internetov\u00fdch str\u00e1nk\u00e1ch a z\u00e1rove\u0148 V\u00e1m za\u0161le novou verzi t\u011bchto podm\u00ednek Va\u0161i e-mailovou adresu, kterou jste spr\u00e1vci poskytl\/a.<\/span><\/li>\n<\/ol>\n<p><span>Tyto podm\u00ednky nab\u00fdvaj\u00ed \u00fa\u010dinnosti dnem 1.2.2024<\/span><\/p>\n<p>[\/et_pb_text][\/et_pb_column][\/et_pb_row][\/et_pb_section][et_pb_section fb_built=&#8220;1&#8243; _builder_version=&#8220;4.16&#8243; custom_padding=&#8220;0|0px|0|0px|false|false&#8220; locked=&#8220;off&#8220; global_colors_info=&#8220;{}&#8220;][\/et_pb_section]<\/p>\n","protected":false},"excerpt":{"rendered":"<p><div class=\"et_pb_module dipi_reading_progress_bar dipi_reading_progress_bar_0\">\n\t\t\t\t\n\t\t\t\t\n\t\t\t\t\n\t\t\t\t\n\t\t\t\t\n\t\t\t\t\n\t\t\t\t<div class=\"et_pb_module_inner\">\n\t\t\t\t\t<div class=\"et_pb_module dipi_reading_progress_bar dipi_reading_progress_bar_0 dipi-reading-progress-wrap\" data-position=\"main\" data-color=\"#0774D1\" data-bgcolor=\"#fcfcfc\">\n                <div class=\"dipi-reading-progress dipi-reading-progress-main\">\n                    <div class=\"dipi-reading-progress-fill \"><\/div>\n                <\/div>\n            <\/div>\n\t\t\t\t<\/div>\n\t\t\t<\/div>1. Z\u00e1kladn\u00ed ustanoven\u00ed Spr\u00e1vcem osobn\u00edch \u00fadaj\u016f podle \u010dl. 4 bod 7 na\u0159\u00edzen\u00ed Evropsk\u00e9ho parlamentu a Rady (EU) 2016\/679 o ochran\u011b fyzick\u00fdch osob v souvislosti se zpracov\u00e1n\u00edm osobn\u00edch \u00fadaj\u016f a o voln\u00e9m pohybu t\u011bchto \u00fadaj\u016f (d\u00e1le jen: \u201eGDPR\u201d) je Ond\u0159ej Ruman. (d\u00e1le jen: \u201espr\u00e1vce\u201c). Kontaktn\u00ed \u00fadaje spr\u00e1vce jsouadresa: N\u00e1strroj\u00e1rna R-TECH s.r.o., [&hellip;]<\/p>\n","protected":false},"author":1,"featured_media":0,"parent":0,"menu_order":0,"comment_status":"closed","ping_status":"closed","template":"","meta":{"_et_pb_use_builder":"on","_et_pb_old_content":"<!-- wp:complianz\/document {\"title\":\"Z\u00e1sady cookies (EU)\",\"selectedDocument\":\"cookie-statement\"} \/-->","_et_gb_content_width":"","footnotes":""},"dipi_cpt_category":[],"class_list":["post-20204036","page","type-page","status-publish","hentry"],"_links":{"self":[{"href":"https:\/\/www.r-tech.cz\/index.php\/wp-json\/wp\/v2\/pages\/20204036","targetHints":{"allow":["GET"]}}],"collection":[{"href":"https:\/\/www.r-tech.cz\/index.php\/wp-json\/wp\/v2\/pages"}],"about":[{"href":"https:\/\/www.r-tech.cz\/index.php\/wp-json\/wp\/v2\/types\/page"}],"author":[{"embeddable":true,"href":"https:\/\/www.r-tech.cz\/index.php\/wp-json\/wp\/v2\/users\/1"}],"replies":[{"embeddable":true,"href":"https:\/\/www.r-tech.cz\/index.php\/wp-json\/wp\/v2\/comments?post=20204036"}],"version-history":[{"count":6,"href":"https:\/\/www.r-tech.cz\/index.php\/wp-json\/wp\/v2\/pages\/20204036\/revisions"}],"predecessor-version":[{"id":20204050,"href":"https:\/\/www.r-tech.cz\/index.php\/wp-json\/wp\/v2\/pages\/20204036\/revisions\/20204050"}],"wp:attachment":[{"href":"https:\/\/www.r-tech.cz\/index.php\/wp-json\/wp\/v2\/media?parent=20204036"}],"wp:term":[{"taxonomy":"dipi_cpt_category","embeddable":true,"href":"https:\/\/www.r-tech.cz\/index.php\/wp-json\/wp\/v2\/dipi_cpt_category?post=20204036"}],"curies":[{"name":"wp","href":"https:\/\/api.w.org\/{rel}","templated":true}]}}